{"id":9765,"date":"2023-08-28T12:54:56","date_gmt":"2023-08-28T10:54:56","guid":{"rendered":"https:\/\/www.labauma.com\/?page_id=9765"},"modified":"2023-08-28T13:01:50","modified_gmt":"2023-08-28T11:01:50","slug":"politica-de-cookies","status":"publish","type":"page","link":"https:\/\/www.labauma.com\/es\/politica-de-cookies\/","title":{"rendered":"Pol\u00edtica de cookies"},"content":{"rendered":"\t\t<div data-elementor-type=\"wp-page\" data-elementor-id=\"9765\" class=\"elementor elementor-9765 elementor-9764\">\n\t\t\t\t\t\t<section class=\"elementor-section elementor-top-section elementor-element elementor-element-3096c34 elementor-section-full_width qodef-elementor-content-grid elementor-section-content-top elementor-section-height-default elementor-section-height-default\" data-id=\"3096c34\" data-element_type=\"section\" data-e-type=\"section\">\n\t\t\t\t\t\t<div class=\"elementor-container elementor-column-gap-default\">\n\t\t\t\t\t<div class=\"elementor-column elementor-col-100 elementor-top-column elementor-element elementor-element-4f27fd9\" data-id=\"4f27fd9\" data-element_type=\"column\" data-e-type=\"column\">\n\t\t\t<div class=\"elementor-widget-wrap elementor-element-populated\">\n\t\t\t\t\t\t<div class=\"elementor-element elementor-element-c7d350b elementor-widget elementor-widget-montagne_core_section_title\" data-id=\"c7d350b\" data-element_type=\"widget\" data-e-type=\"widget\" data-widget_type=\"montagne_core_section_title.default\">\n\t\t\t\t<div class=\"elementor-widget-container\">\n\t\t\t\t\t<div class=\"qodef-shortcode qodef-m  qodef-section-title qodef-alignment--left \">\n\t\t\t<h1 class=\"qodef-m-title\" >\n\t\t\t\t\tPol\u00edtica de cookies\t\t\t<\/h1>\n\t<\/div>\n\t\t\t\t<\/div>\n\t\t\t\t<\/div>\n\t\t\t\t<div class=\"elementor-element elementor-element-2a629ea elementor-widget elementor-widget-text-editor\" data-id=\"2a629ea\" data-element_type=\"widget\" data-e-type=\"widget\" data-widget_type=\"text-editor.default\">\n\t\t\t\t<div class=\"elementor-widget-container\">\n\t\t\t\t\t\t\t\t\t<p><b>Inofrmaci\u00f3n sobre cookies<\/b><\/p>\n<p>De acuerdo con la Ley 34\/2002, de 11 de julio, de servicios de la sociedad de la informaci\u00f3n y de comercio electr\u00f3nico (LSSI), en relaci\u00f3n con el Reglamento (UE) 2016\/679 del Parlamento Europeo y de Consejo, de 27 de abril de 2016, General de Protecci\u00f3n de Datos (GDPR) y la Ley Org\u00e1nica 3\/2018, de 5 de diciembre,  de Protecci \u0301\u00f3 de Datos y Garant\u00eda de los Derechos Digitales (LOPDGDD), es obligado obtener el consentimiento expreso del usuario de todas las p\u00e1ginas web que usan cookies prescindibles, antes de que \u00e9ste navegue por ellas.<\/p>\n<p><b>Qu\u00e9 son las cookies<\/b><\/p>\n<p>Las cookies y otras tecnolog\u00edas similares como local shared objects, flash cookies o p\u00edxeles, son herramientas empleadas por los ervidores Web para almacenar y recuperar informaci\u00f3n sobre sus visitantes, as\u00ed como para ofrecer un correcto funcionamiento del sitio.<\/p>\n<p>Mediante el uso de estos dispositivos se permite al servidor Web recordar algunos datos referentes al usuario, como sus preferencias para la visualizaci\u00f3n de las p\u00e1ginas de este servidor, nombre y contrase\u00f1a, productos que m\u00e1s le interesan, etc.<br>Cookies ACEPTADAS POR LA NORMATIVA Y COOKIES EXCEPTUADAS<\/p>\n<p>Seg\u00fan la directiva de la UE, las cookies que requieren el consentimiento informado por parte del usuario son las cookies anal\u00edticas y las de publicidad y afiliaci\u00f3n, quedando exceptuadas las de car\u00e1cter t\u00e9cnico y las necesarias para el funcionamiento del sitio web o la prestaci\u00f3n de servicios expresamente solicitados por el usuario.<\/p>\n<p><b>Tipos de cookies<br><\/b><\/p>\n<p><u>Seg\u00fan la finalidad<\/u><\/p>\n<p>Cookies t\u00e9cnicas y funcionales: son las que permiten al usuario navegar a trav\u00e1s de una p\u00e1gina web, plataforma o aplicaci\u00f3n y utilizar las diferentes opciones o servicios que haya.<\/p>\n<p>Cookies de an\u00e1lisis: son las que permiten al responsable de estas monitorizar y analizar el comportamiento de los usuarios de los sitios web a los que est\u00e1n vinculados. La informaci\u00f3n recogida mediante este tipo de cookies se utiliza en la medici\u00f3n de la actividad de los sitios web, aplicaci\u00f3n o plataforma y para elaborar perfiles de navegaci\u00f3n de los usuarios de estos sitios, aplicaciones y plataformas, con el fin de introducir mejoras en funci\u00f3n del an\u00e1lisis de los datos de uso que hacen los usuarios del servicio.<\/p>\n<p>Cookies publicitarias: son aquellas que permiten gestionar, de la manera m\u00e1s eficaz posible, los espacios publicitarios que, en su caso, el editor haya incluido en una p\u00e1gina web, aplicaci\u00f3n o plataforma desde la que presta el servicio solicitado seg\u00fan criterios como el contenido editado o la frecuencia en que se muestran los anuncios.<\/p>\n<p>Cookies de publicidad comportamental: recogen informaci\u00f3n sobre las preferencias y elecciones personales del usuario (retargeting) para permitir gestionar, de la manera m\u00e1s eficaz posible, los espacios publicitarios que, en su caso, el editor haya incluido en una p\u00e1gina web, aplicaci\u00f3n o plataforma desde la que presta el servicio solicitado.<\/p>\n<p>Cookies sociales: son aquellas que han sido instaladas por las plataformas de redes sociales en los servicios para permitiros compartir contenido con vuestros amigos y redes. Las plataformas de medios sociales tienen la capacidad de rastrear vuestra actividad en l\u00ednea fuera de los Servicios. As\u00ed puede afectar al contenido y a los mensajes que veis en otros servicios que visite.<\/p>\n<p>Cookies de afiliados: permiten hacer un seguimiento de las visitas procedentes de otras webs, con las que el sitio web establece un contrato de afiliaci\u00f3n (empresas de afiliaci\u00f3n).<\/p>\n<p>Cookies de seguridad: almacenan informaci\u00f3n cifrada para evitar que los datos que se guardan sean vulnerables a ataques maliciosos de terceros.<\/p>\n<p><u>Seg\u00fan la propiedad<\/u><\/p>\n<p>Cookies propias: son las que se env\u00edan al equipo terminal del usuario desde un equipo o dominio gestionado por el propio editor y desde el que se proporciona el servicio solicitado por el usuario.<\/p>\n<p>Cookies de terceros: son las que se env\u00edan al equipo terminal del usuario desde un equipo o dominio que no es gestionado por el editor, sin por otra entidad que trata los datos obtenidos mediante las cookies.<\/p>\n<p>Seg\u00fan el plazo de conservaci\u00f3n<\/p>\n<p>Cookies de sesi\u00f3n: son un tipo de cookies dise\u00f1adas para obtener y almacenar datos mientras el usuario accede a una p\u00e1gina web.<\/p>\n<p>Cookies persistentes: son un tipo de cookies en las que los datos siguen almacenados en el terminal y pueden ser accedidos y tratados durante un periodo definido por el responsable de la cookie, y que durar desde unos minutos a varios a\u00f1os.<\/p>\n<p><b>Tratamientos de datos personales<\/b><\/p>\n<p>ESCOLA ESCALADA VILAFRANCA SL es el Responsable del tratamiento de los datos personales del Interesado y le informa que estos datos se tratar\u00e1n de conformidad con lo establecido en el Reglamento (UE) 2016\/679, de 27 de abril de 2016 (GDPR), por lo que se le facilita la siguiente informaci\u00f3n del tratamiento:<\/p>\n<p>Finalidades del tratamiento: seg\u00fan se especifica en el apartado de cookies que se utilizan en este sitio web.<\/p>\n<p>Legitimaci\u00f3n del tratamiento: salvo en los casos en que resulte necesario para la navegaci\u00f3n por la web, por consentimiento del interesado (art. 6.1 GDPR).<\/p>\n<p>Criterios de conservaci\u00f3n de los datos: seg\u00fan se especifica en el apartado de cookies utilizadas en la web.<\/p>\n<p>Comunicaci\u00f3n de los datos: no se comunicar\u00e1n los datos a terceros, excepto en cookies propiedad de terceros o por obligaci\u00f3n legal.<\/p>\n<p>Derechos que tiene el Interesado:<\/p>\n<p>  Derecho a retirar el consentimiento en cualquier momento.<br>  Derecho de acceso, rectificaci\u00f3n, portabilidad y supresi\u00f3n de sus datos y de limitaci\u00f3n u oposici\u00f3n a su tratamiento.<br>  Derecho a presentar una reclamaci\u00f3n ante la Autoridad de control (www.aepd.es) si considera que el tratamiento no se ajusta a la normativa vigente.<\/p>\n<p>Datos de contacto para ejercer sus derechos:<\/p>\n<p>ESCOLA ESCALADA VILAFRANCA SL. CL. EUGENI D ORS, 2 LC \u2013 08720 VILAFRANCA DEL PENEDES (Barcelona). E-mail: info@labauma.com<\/p>\n<p><b>Cookies de terceros<\/b><\/p>\n<p>Los servicios de terceros son ajenos al control del editor. Los proveedores pueden modificar en cualquier momento sus condiciones de servicio, finalidad y uso de las cookies, etc.<\/p>\n<p>Proveedores externos de este sitio web:<\/p>\n<p>Facebook https:\/\/www.facebook.com\/about\/privacy\/<\/p>\n<p>Facebook https:\/\/www.facebook.com\/policies\/cookies\/<\/p>\n<p><b>C\u00f3mo gestionar las cookies del navegador<\/b><\/p>\n<p>Eliminar las cookies del dispositivo: Las cookies que ya se encuentran en un dispositivo se pueden eliminar borrando el historial delnavegador, de manera que se suprimen las cookies de todos los sitios web visitados. No obstante, tamb \u0301\u00e9 se puede perder parte de la informaci\u00f3n desada (por ejemplo, los datos de inicio de sesi\u00f3n o las preferencias de sitio web).<\/p>\n<p>Gestionar las cookies espec\u00edficas del sitio: Para tener un control m\u00e1s preciso de las cookies espec\u00edficas de cada sitio, los usuarios pueden ajustar su configuraci\u00f3n de privacidad y cookies al navegador.<\/p>\n<p>Bloquear las cookies: Aunque la mayor\u00eda de los navegadores modernos se pueden configurar para evitar que se instalen cookies en los dispositivos, as\u00ed puede obligar a ajustar manualmente determinadas preferencias cada vez que se visite un sitio o p\u00e1gina. Adem\u00e1s, algunos servicios y caracter\u00edsticas pueden no funcionar correctamente (por ejemplo, los inicios de sesi\u00f3n con perfil).<\/p>\n<p><b>C\u00f3mo eliminar las cookies desde el navegador<\/b><\/p>\n<p>Chrome http:\/\/support.google.com\/chrome\/answer\/95647?hl=es<\/p>\n<p>Edge https:\/\/support.microsoft.com\/es-es\/microsoft-edge\/eliminar-las-cookies-en-microsoft-edge-63947406-40ac-c3b8-57b9-2a946a29ae09<\/p>\n<p>Explorer https:\/\/support.microsoft.com\/es-es\/help\/278835\/how-to-delete-cookie-files-in-internet-explorer<\/p>\n<p>Firefox https:\/\/www.mozilla.org\/es-ES\/privacy\/websites\/#cookies<\/p>\n<p>Safari https:\/\/support.apple.com\/es-es\/guide\/safari\/sfri11471\/mac<\/p>\t\t\t\t\t\t\t\t<\/div>\n\t\t\t\t<\/div>\n\t\t\t\t\t<\/div>\n\t\t<\/div>\n\t\t\t\t\t<\/div>\n\t\t<\/section>\n\t\t\t\t<\/div>\n\t\t","protected":false},"excerpt":{"rendered":"<p>Pol\u00edtica de cookies Inofrmaci\u00f3n sobre cookies De acuerdo con la Ley 34\/2002, de 11 de julio, de servicios de la sociedad de la informaci\u00f3n y de comercio electr\u00f3nico (LSSI), en relaci\u00f3n con el Reglamento (UE) 2016\/679 del Parlamento Europeo y de Consejo, de 27 de abril de 2016, General de Protecci\u00f3n de Datos (GDPR) y [&hellip;]<\/p>\n","protected":false},"author":1,"featured_media":0,"parent":0,"menu_order":0,"comment_status":"closed","ping_status":"closed","template":"page-full-width.php","meta":{"footnotes":""},"class_list":["post-9765","page","type-page","status-publish","hentry"],"yoast_head":"<!-- This site is optimized with the Yoast SEO plugin v27.4 - https:\/\/yoast.com\/product\/yoast-seo-wordpress\/ -->\n<title>Pol\u00edtica de cookies | La Bauma<\/title>\n<meta name=\"robots\" content=\"index, follow, max-snippet:-1, max-image-preview:large, max-video-preview:-1\" \/>\n<link rel=\"canonical\" href=\"https:\/\/www.labauma.com\/es\/politica-de-cookies\/\" \/>\n<meta property=\"og:locale\" content=\"es_ES\" \/>\n<meta property=\"og:type\" content=\"article\" \/>\n<meta property=\"og:title\" content=\"Pol\u00edtica de cookies | La Bauma\" \/>\n<meta property=\"og:description\" content=\"Pol\u00edtica de cookies Inofrmaci\u00f3n sobre cookies De acuerdo con la Ley 34\/2002, de 11 de julio, de servicios de la sociedad de la informaci\u00f3n y de comercio electr\u00f3nico (LSSI), en relaci\u00f3n con el Reglamento (UE) 2016\/679 del Parlamento Europeo y de Consejo, de 27 de abril de 2016, General de Protecci\u00f3n de Datos (GDPR) y [&hellip;]\" \/>\n<meta property=\"og:url\" content=\"https:\/\/www.labauma.com\/es\/politica-de-cookies\/\" \/>\n<meta property=\"og:site_name\" content=\"La Bauma\" \/>\n<meta property=\"article:modified_time\" content=\"2023-08-28T11:01:50+00:00\" \/>\n<meta name=\"twitter:card\" content=\"summary_large_image\" \/>\n<meta name=\"twitter:label1\" content=\"Tiempo de lectura\" \/>\n\t<meta name=\"twitter:data1\" content=\"3 minutos\" \/>\n<script type=\"application\/ld+json\" class=\"yoast-schema-graph\">{\"@context\":\"https:\\\/\\\/schema.org\",\"@graph\":[{\"@type\":\"WebPage\",\"@id\":\"https:\\\/\\\/www.labauma.com\\\/es\\\/politica-de-cookies\\\/\",\"url\":\"https:\\\/\\\/www.labauma.com\\\/es\\\/politica-de-cookies\\\/\",\"name\":\"Pol\u00edtica de cookies | La Bauma\",\"isPartOf\":{\"@id\":\"https:\\\/\\\/www.labauma.com\\\/es\\\/#website\"},\"datePublished\":\"2023-08-28T10:54:56+00:00\",\"dateModified\":\"2023-08-28T11:01:50+00:00\",\"breadcrumb\":{\"@id\":\"https:\\\/\\\/www.labauma.com\\\/es\\\/politica-de-cookies\\\/#breadcrumb\"},\"inLanguage\":\"es\",\"potentialAction\":[{\"@type\":\"ReadAction\",\"target\":[\"https:\\\/\\\/www.labauma.com\\\/es\\\/politica-de-cookies\\\/\"]}]},{\"@type\":\"BreadcrumbList\",\"@id\":\"https:\\\/\\\/www.labauma.com\\\/es\\\/politica-de-cookies\\\/#breadcrumb\",\"itemListElement\":[{\"@type\":\"ListItem\",\"position\":1,\"name\":\"Inici\",\"item\":\"https:\\\/\\\/www.labauma.com\\\/es\\\/\"},{\"@type\":\"ListItem\",\"position\":2,\"name\":\"Pol\u00edtica de cookies\"}]},{\"@type\":\"WebSite\",\"@id\":\"https:\\\/\\\/www.labauma.com\\\/es\\\/#website\",\"url\":\"https:\\\/\\\/www.labauma.com\\\/es\\\/\",\"name\":\"La Bauma\",\"description\":\"Escola d&#039;escalada\",\"potentialAction\":[{\"@type\":\"SearchAction\",\"target\":{\"@type\":\"EntryPoint\",\"urlTemplate\":\"https:\\\/\\\/www.labauma.com\\\/es\\\/?s={search_term_string}\"},\"query-input\":{\"@type\":\"PropertyValueSpecification\",\"valueRequired\":true,\"valueName\":\"search_term_string\"}}],\"inLanguage\":\"es\"}]}<\/script>\n<!-- \/ Yoast SEO plugin. -->","yoast_head_json":{"title":"Pol\u00edtica de cookies | La Bauma","robots":{"index":"index","follow":"follow","max-snippet":"max-snippet:-1","max-image-preview":"max-image-preview:large","max-video-preview":"max-video-preview:-1"},"canonical":"https:\/\/www.labauma.com\/es\/politica-de-cookies\/","og_locale":"es_ES","og_type":"article","og_title":"Pol\u00edtica de cookies | La Bauma","og_description":"Pol\u00edtica de cookies Inofrmaci\u00f3n sobre cookies De acuerdo con la Ley 34\/2002, de 11 de julio, de servicios de la sociedad de la informaci\u00f3n y de comercio electr\u00f3nico (LSSI), en relaci\u00f3n con el Reglamento (UE) 2016\/679 del Parlamento Europeo y de Consejo, de 27 de abril de 2016, General de Protecci\u00f3n de Datos (GDPR) y [&hellip;]","og_url":"https:\/\/www.labauma.com\/es\/politica-de-cookies\/","og_site_name":"La Bauma","article_modified_time":"2023-08-28T11:01:50+00:00","twitter_card":"summary_large_image","twitter_misc":{"Tiempo de lectura":"3 minutos"},"schema":{"@context":"https:\/\/schema.org","@graph":[{"@type":"WebPage","@id":"https:\/\/www.labauma.com\/es\/politica-de-cookies\/","url":"https:\/\/www.labauma.com\/es\/politica-de-cookies\/","name":"Pol\u00edtica de cookies | La Bauma","isPartOf":{"@id":"https:\/\/www.labauma.com\/es\/#website"},"datePublished":"2023-08-28T10:54:56+00:00","dateModified":"2023-08-28T11:01:50+00:00","breadcrumb":{"@id":"https:\/\/www.labauma.com\/es\/politica-de-cookies\/#breadcrumb"},"inLanguage":"es","potentialAction":[{"@type":"ReadAction","target":["https:\/\/www.labauma.com\/es\/politica-de-cookies\/"]}]},{"@type":"BreadcrumbList","@id":"https:\/\/www.labauma.com\/es\/politica-de-cookies\/#breadcrumb","itemListElement":[{"@type":"ListItem","position":1,"name":"Inici","item":"https:\/\/www.labauma.com\/es\/"},{"@type":"ListItem","position":2,"name":"Pol\u00edtica de cookies"}]},{"@type":"WebSite","@id":"https:\/\/www.labauma.com\/es\/#website","url":"https:\/\/www.labauma.com\/es\/","name":"La Bauma","description":"Escola d&#039;escalada","potentialAction":[{"@type":"SearchAction","target":{"@type":"EntryPoint","urlTemplate":"https:\/\/www.labauma.com\/es\/?s={search_term_string}"},"query-input":{"@type":"PropertyValueSpecification","valueRequired":true,"valueName":"search_term_string"}}],"inLanguage":"es"}]}},"_links":{"self":[{"href":"https:\/\/www.labauma.com\/es\/wp-json\/wp\/v2\/pages\/9765","targetHints":{"allow":["GET"]}}],"collection":[{"href":"https:\/\/www.labauma.com\/es\/wp-json\/wp\/v2\/pages"}],"about":[{"href":"https:\/\/www.labauma.com\/es\/wp-json\/wp\/v2\/types\/page"}],"author":[{"embeddable":true,"href":"https:\/\/www.labauma.com\/es\/wp-json\/wp\/v2\/users\/1"}],"replies":[{"embeddable":true,"href":"https:\/\/www.labauma.com\/es\/wp-json\/wp\/v2\/comments?post=9765"}],"version-history":[{"count":3,"href":"https:\/\/www.labauma.com\/es\/wp-json\/wp\/v2\/pages\/9765\/revisions"}],"predecessor-version":[{"id":9776,"href":"https:\/\/www.labauma.com\/es\/wp-json\/wp\/v2\/pages\/9765\/revisions\/9776"}],"wp:attachment":[{"href":"https:\/\/www.labauma.com\/es\/wp-json\/wp\/v2\/media?parent=9765"}],"curies":[{"name":"wp","href":"https:\/\/api.w.org\/{rel}","templated":true}]}}