{"id":9783,"date":"2023-08-28T13:03:55","date_gmt":"2023-08-28T11:03:55","guid":{"rendered":"https:\/\/www.labauma.com\/?page_id=9783"},"modified":"2024-02-01T10:54:50","modified_gmt":"2024-02-01T08:54:50","slug":"accesibilidad","status":"publish","type":"page","link":"https:\/\/www.labauma.com\/es\/accesibilidad\/","title":{"rendered":"Accesibilidad"},"content":{"rendered":"\t\t<div data-elementor-type=\"wp-page\" data-elementor-id=\"9783\" class=\"elementor elementor-9783 elementor-9782\">\n\t\t\t\t\t\t<section class=\"elementor-section elementor-top-section elementor-element elementor-element-3096c34 elementor-section-full_width qodef-elementor-content-grid elementor-section-content-top elementor-section-height-default elementor-section-height-default\" data-id=\"3096c34\" data-element_type=\"section\" data-e-type=\"section\">\n\t\t\t\t\t\t<div class=\"elementor-container elementor-column-gap-default\">\n\t\t\t\t\t<div class=\"elementor-column elementor-col-100 elementor-top-column elementor-element elementor-element-4f27fd9\" data-id=\"4f27fd9\" data-element_type=\"column\" data-e-type=\"column\">\n\t\t\t<div class=\"elementor-widget-wrap elementor-element-populated\">\n\t\t\t\t\t\t<div class=\"elementor-element elementor-element-c7d350b elementor-widget elementor-widget-montagne_core_section_title\" data-id=\"c7d350b\" data-element_type=\"widget\" data-e-type=\"widget\" data-widget_type=\"montagne_core_section_title.default\">\n\t\t\t\t<div class=\"elementor-widget-container\">\n\t\t\t\t\t<div class=\"qodef-shortcode qodef-m  qodef-section-title qodef-alignment--left \">\n\t\t\t<h1 class=\"qodef-m-title\" >\n\t\t\t\t\tDeclaraci\u00f3n de accesibilidad\t\t\t<\/h1>\n\t<\/div>\n\t\t\t\t<\/div>\n\t\t\t\t<\/div>\n\t\t\t\t<div class=\"elementor-element elementor-element-2a629ea elementor-widget elementor-widget-text-editor\" data-id=\"2a629ea\" data-element_type=\"widget\" data-e-type=\"widget\" data-widget_type=\"text-editor.default\">\n\t\t\t\t<div class=\"elementor-widget-container\">\n\t\t\t\t\t\t\t\t\t<p><b>Introducci\u00f3n<\/b><\/p><p>Esta web se ha comprometido a hacer accesible contenido de conformidad con el criterio de accesibilidad del Programa Kit Digital, conforme a los anexos de la norma UNE-EN 301 549:2022.<\/p><p><b>Situaci\u00f3n de cumplimiento<\/b><\/p><p>Las tecnolog\u00edas web en las que se basa la conformidad de la accesibilidad del presente sitio son <b>HTML5 , CSS , WAI-ARIA , DOM<\/b> as\u00ed como OTRAS tecnolog\u00edas de la plataforma <b>WordPress<\/b> url: <a href=\"https:\/\/wordpress.org\" target=\"_blank\" rel=\"noopener\">https:\/\/wordpress.org<\/a><\/p><p>Con motivo de lo anterior, este sitio web es <b>PARCIALMENTE CONFORME<\/b> , siendo los aspectos de accesibilidad con los que es conforme la presente web los siguientes:<\/p>\t\t\t\t\t\t\t\t<\/div>\n\t\t\t\t<\/div>\n\t\t\t\t<section class=\"elementor-section elementor-inner-section elementor-element elementor-element-673bf4f elementor-section-boxed elementor-section-height-default elementor-section-height-default qodef-elementor-content-no\" data-id=\"673bf4f\" data-element_type=\"section\" data-e-type=\"section\">\n\t\t\t\t\t\t<div class=\"elementor-container elementor-column-gap-default\">\n\t\t\t\t\t<div class=\"elementor-column elementor-col-50 elementor-inner-column elementor-element elementor-element-c6e7c92\" data-id=\"c6e7c92\" data-element_type=\"column\" data-e-type=\"column\">\n\t\t\t<div class=\"elementor-widget-wrap elementor-element-populated\">\n\t\t\t\t\t\t<div class=\"elementor-element elementor-element-9530f9c elementor-widget__width-initial elementor-widget elementor-widget-text-editor\" data-id=\"9530f9c\" data-element_type=\"widget\" data-e-type=\"widget\" data-widget_type=\"text-editor.default\">\n\t\t\t\t<div class=\"elementor-widget-container\">\n\t\t\t\t\t\t\t\t\t<p><strong>Requisitos web<\/strong>:<br \/>9.1.1.1 Contenido no textual (Condicional)<br \/>9.1.2.1 Solo audio y solo v\u00eddeo (grabado) (Condicional)<br \/>9.1.2.2 Subt\u00edtulos (grabados) (Condicional)<br \/>9.1.2.3 Audiodescripci\u00f3n o Medio Alternativo (grabado) (Condicional)<br \/>9.1.2.5 Audiodescripci\u00f3n (grabada) (Condicional)<br \/>9.1.3.2 Secuencia significativa (Condicional)<br \/>9.1.3.3 Caracter\u00edsticas sensoriales (Condicional)<br \/>9.1.3.4 Orientaci\u00f3n (Condicional)<br \/>9.1.4.1 Uso del Color (Condicional)<br \/>9.1.4.2 Control del audio (Condicional)<br \/>9.1.4.3 Contraste (m\u00ednimo) (Condicional)<br \/>9.1.4.4 Cambio de tama\u00f1o del texto (Condicional)<br \/>9.1.4.5 Im\u00e1genes de texto (Condicional)<br \/>9.1.4.10 Reajuste del texto (Condicional)<br \/>9.1.4.11 Contraste no textual (Condicional)<br \/>9.1.4.12 Espaciado del texto (Condicional)<br \/>9.1.4.13 Contenido se\u00f1alado con el puntero o que tiene el foco (Condicional)<br \/>9.2.1.1 Teclado (Condicional)<br \/>9.2.1.2 Sin trampas para el foco del teclado (Condicional)<br \/>9.2.1.4 Atajos del teclado (Condicional)<br \/>9.2.2.1 Tiempo ajustable (Condicional)<br \/>9.2.2.2 Poner en pausa, detener, ocultar (Condicional)<br \/>9.2.3.1 Umbral de tres destellos o menos (Condicional)<br \/>9.2.4.2 Titulado de p\u00e1ginas (Condicional)<br \/>9.2.4.3 Orden del foco (Condicional)<br \/>9.2.4.4 Prop\u00f3sito de los enlaces (en contexto) (Condicional)<br \/>9.2.4.5 M\u00faltiples v\u00edas (Condicional)<br \/>9.2.4.6 Encabezados y etiquetas (Condicional)<br \/>9.2.4.7 Foco visible (Condicional)<br \/>9.2.5.1 Gestos con el puntero (Condicional)<br \/>9.2.5.2 Cancelaci\u00f3n del puntero (Condicional)<\/p>\t\t\t\t\t\t\t\t<\/div>\n\t\t\t\t<\/div>\n\t\t\t\t\t<\/div>\n\t\t<\/div>\n\t\t\t\t<div class=\"elementor-column elementor-col-50 elementor-inner-column elementor-element elementor-element-84c0b4a\" data-id=\"84c0b4a\" data-element_type=\"column\" data-e-type=\"column\">\n\t\t\t<div class=\"elementor-widget-wrap elementor-element-populated\">\n\t\t\t\t\t\t<div class=\"elementor-element elementor-element-9b8c08d elementor-widget elementor-widget-text-editor\" data-id=\"9b8c08d\" data-element_type=\"widget\" data-e-type=\"widget\" data-widget_type=\"text-editor.default\">\n\t\t\t\t<div class=\"elementor-widget-container\">\n\t\t\t\t\t\t\t\t\t<div class=\"wp-block-column is-layout-flow wp-block-column-is-layout-flow\"><p class=\"fade fadeIn\">9.2.5.3 Inclusi\u00f3n de la etiqueta en el nombre (Condicional)<br \/>9.2.5.4. Activaci\u00f3n mediante movimiento (Condicional)<br \/>9.3.1.1 Idioma de la p\u00e1gina (Condicional)<br \/>9.3.1.2 Idioma de las partes (Condicional)<br \/>9.3.2.1 Al recibir el foco (Condicional)<br \/>9.3.2.2 Al recibir entradas (Condicional)<br \/>9.3.2.3 Navegaci\u00f3n coherente (Condicional)<br \/>9.3.2.4 Identificaci\u00f3n coherente (Condicional)<br \/>9.3.3.2 Etiquetas o instrucciones (Condicional)<br \/>9.3.3.3 Sugerencias ante errores (Condicional)<br \/>9.3.3.4 Prevenci\u00f3n de errores (legales, financieros, de datos) (Condicional)<br \/>9.4.1.1 Procesamiento (Condicional)<br \/>9.4.1.2 Nombre, funci\u00f3n, valor (Condicional)<br \/>9.4.1.3 Mensajes de estado (Condicional)<br \/>9.6 Requisitos de conformidad de las Pautas WCAG (Condicional)<br \/><strong><br \/>Requisitos software<\/strong><\/p><p class=\"fade fadeIn\">11.7 Preferencias de usuario<br \/>11.8.1 Tecnolog\u00eda de gesti\u00f3n de contenidos (Condicional)<br \/>11.8.2 Creaci\u00f3n de contenidos accesibles (Condicional)<br \/>11.8.3 Preservaci\u00f3n de la informaci\u00f3n de accesibilidad durante las transformaciones (Condicional)<br \/>11.8.5 Plantillas (Condicional)<br \/><strong><br \/>Requisitos de documentaci\u00f3n y Servicios de Apoyo<\/strong><\/p><p class=\"fade fadeIn\">12.1.1 Caracter\u00edsticas de accesibilidad y compatibilidad<br \/>12.1.2 Documentaci\u00f3n accesible<br \/>12.2.2 Informaci\u00f3n sobre las caracter\u00edsticas de accesibilidad y compatibilidad<br \/>12.2.4 Documentaci\u00f3n accesible<\/p><\/div>\t\t\t\t\t\t\t\t<\/div>\n\t\t\t\t<\/div>\n\t\t\t\t\t<\/div>\n\t\t<\/div>\n\t\t\t\t\t<\/div>\n\t\t<\/section>\n\t\t\t\t<div class=\"elementor-element elementor-element-573d2a2 elementor-widget__width-initial elementor-widget elementor-widget-text-editor\" data-id=\"573d2a2\" data-element_type=\"widget\" data-e-type=\"widget\" data-widget_type=\"text-editor.default\">\n\t\t\t\t<div class=\"elementor-widget-container\">\n\t\t\t\t\t\t\t\t\t<p><b>Contenido no accesible<\/b><\/p><p>Por el contrario, el contenido de los puntos que se recogen a continuaci\u00f3n no son accesibles por los siguientes motivos:<br \/><br \/><u>9.1.3.1 Informaci\u00f3n y relaciones (Condicional)<\/u><br \/>La informaci\u00f3n, estructura y relaciones comunicadas a trav\u00e9s de la presentaci\u00f3n pueden ser determinadas por software o est\u00e1n disponibles como texto.<br \/><a href=\"https:\/\/www.w3.org\/TR\/WCAG\/#info-and-relationships\">https:\/\/www.w3.org\/TR\/WCAG\/#info-and-relationships<\/a><br \/><br \/><u>9.1.3.5 Identificaci\u00f3n del prop\u00f3sito de la entrada (Condicional)<\/u><br \/>El prop\u00f3sito de cada campo de entrada que recoge la informaci\u00f3n sobre el usuario puede ser determinado program\u00e1ticamente cuando:<br \/>\u2013<br \/>El campo de entrada sirve a un prop\u00f3sito identificativo en los prop\u00f3sitos de entrada de los componentes de la interfaz de usuario, y<br \/>\u2013<br \/>El contenido se implementa usando tecnolog\u00edas con soporte para identificar el significado esperado de los datos de entrada en formularios.<br \/><a href=\"https:\/\/www.w3.org\/TR\/WCAG\/#identify-input-purpose\">https:\/\/www.w3.org\/TR\/WCAG\/#identify-input-purpose<\/a><br \/><br \/><u>9.2.4.1 Evitar bloques (Condicional)<\/u><br \/>Existe un mecanismo para evitar los bloques de contenido que se repiten en m\u00faltiples p\u00e1ginas web (Nivel A)<br \/><a href=\"https:\/\/www.w3.org\/TR\/WCAG\/#bypass-blocks\">https:\/\/www.w3.org\/TR\/WCAG\/#bypass-blocks<\/a><br \/><br \/><u>9.3.3.1 Identificaci\u00f3n de errores (Condicional)<\/u><strong><br \/><\/strong>Si se detecta autom\u00e1ticamente un error en la entrada de datos, el elemento err\u00f3neo es identificado y el error se describe al usuario mediante un texto (Nivel A)<br \/><a href=\"https:\/\/www.w3.org\/TR\/WCAG\/#error-identification\">https:\/\/www.w3.org\/TR\/WCAG\/#error-identification<\/a><br \/><br \/><u>11.8.4 Servicio de reparaci\u00f3n (Condicional)<\/u><br \/>Si la funcionalidad de verificaci\u00f3n de accesibilidad de una herramienta de autor puede detectar que el contenido de una p\u00e1gina web o documento electr\u00f3nico no cumple con los requisitos del cap\u00edtulo 9 o 10 respectivamente (es decir, el nivel AA de las WCAG 2.1) la herramienta de autor deber\u00e1 proporcionar sugerencias de reparaci\u00f3n. Esto no excluye la reparaci\u00f3n autom\u00e1tica y semi-automatizada, que es posible (y recomendada) para muchos tipos de problemas de accesibilidad del contenido.<br \/><br \/><u>12.2.3 Comunicaci\u00f3n efectiva<\/u><br \/>El servicio de soporte deber\u00e1 satisfacer las necesidades de las personas con discapacidad, bien directamente, bien a trav\u00e9s de un punto de referencia.<br \/><b><br \/>Preparaci\u00f3n de esta declaraci\u00f3n de accesibilidad<\/b><\/p><p>Esta declaraci\u00f3n fue preparada el <b>20 de septiembre de 2023<\/b><\/p><p>El m\u00e9todo empleado para preparar la declaraci\u00f3n ha sido mediante autoan\u00e1lisis siguiendo la interpretaci\u00f3n de la gu\u00eda informativa proporcionada por las pautas WCAG 2.1 AA. En este esfuerzo continuo en la eliminaci\u00f3n de barreras y seguir\u00e1n mejorando este sitio hasta alcanzar una accesibilidad y usabilidad \u00f3ptimas para todos los usuarios<\/p><p>\u00daltima revisi\u00f3n de la declaraci\u00f3n: <b>20 de septiembre de 2023<\/b><\/p><p><b><br \/>Observaciones y datos de contacto<\/b><\/p><p>Si encontr\u00e1is barreras de acceso o problemas con alguna p\u00e1gina o funci\u00f3n de este sitio web que pueda suponer un obst\u00e1culo para los visitantes que quieran acceder, pod\u00e9is poneros en contacto en cualquier momento en la direcci\u00f3n de correo electr\u00f3nico info@labauma.com<\/p>\t\t\t\t\t\t\t\t<\/div>\n\t\t\t\t<\/div>\n\t\t\t\t<div class=\"elementor-element elementor-element-4f98089 elementor-widget elementor-widget-image\" data-id=\"4f98089\" data-element_type=\"widget\" data-e-type=\"widget\" data-widget_type=\"image.default\">\n\t\t\t\t<div class=\"elementor-widget-container\">\n\t\t\t\t\t\t\t\t\t\t\t\t\t\t\t<img fetchpriority=\"high\" decoding=\"async\" width=\"1261\" height=\"122\" src=\"https:\/\/www.labauma.com\/wp-content\/uploads\/2024\/02\/kit-digital.jpg\" class=\"attachment-full size-full wp-image-10602\" alt=\"\" srcset=\"https:\/\/www.labauma.com\/wp-content\/uploads\/2024\/02\/kit-digital.jpg 1261w, https:\/\/www.labauma.com\/wp-content\/uploads\/2024\/02\/kit-digital-300x29.jpg 300w, https:\/\/www.labauma.com\/wp-content\/uploads\/2024\/02\/kit-digital-1024x99.jpg 1024w, https:\/\/www.labauma.com\/wp-content\/uploads\/2024\/02\/kit-digital-768x74.jpg 768w\" sizes=\"(max-width: 1261px) 100vw, 1261px\" \/>\t\t\t\t\t\t\t\t\t\t\t\t\t\t\t<\/div>\n\t\t\t\t<\/div>\n\t\t\t\t\t<\/div>\n\t\t<\/div>\n\t\t\t\t\t<\/div>\n\t\t<\/section>\n\t\t\t\t<\/div>\n\t\t","protected":false},"excerpt":{"rendered":"<p>Declaraci\u00f3n de accesibilidad Introducci\u00f3n Esta web se ha comprometido a hacer accesible contenido de conformidad con el criterio de accesibilidad del Programa Kit Digital, conforme a los anexos de la norma UNE-EN 301 549:2022. Situaci\u00f3n de cumplimiento Las tecnolog\u00edas web en las que se basa la conformidad de la accesibilidad del presente sitio son HTML5 [&hellip;]<\/p>\n","protected":false},"author":1,"featured_media":0,"parent":0,"menu_order":0,"comment_status":"closed","ping_status":"closed","template":"page-full-width.php","meta":{"footnotes":""},"class_list":["post-9783","page","type-page","status-publish","hentry"],"yoast_head":"<!-- This site is optimized with the Yoast SEO plugin v27.3 - https:\/\/yoast.com\/product\/yoast-seo-wordpress\/ -->\n<title>Accesibilidad | La Bauma<\/title>\n<meta name=\"robots\" content=\"index, follow, max-snippet:-1, max-image-preview:large, max-video-preview:-1\" \/>\n<link rel=\"canonical\" href=\"https:\/\/www.labauma.com\/es\/accesibilidad\/\" \/>\n<meta property=\"og:locale\" content=\"es_ES\" \/>\n<meta property=\"og:type\" content=\"article\" \/>\n<meta property=\"og:title\" content=\"Accesibilidad | La Bauma\" \/>\n<meta property=\"og:description\" content=\"Declaraci\u00f3n de accesibilidad Introducci\u00f3n Esta web se ha comprometido a hacer accesible contenido de conformidad con el criterio de accesibilidad del Programa Kit Digital, conforme a los anexos de la norma UNE-EN 301 549:2022. Situaci\u00f3n de cumplimiento Las tecnolog\u00edas web en las que se basa la conformidad de la accesibilidad del presente sitio son HTML5 [&hellip;]\" \/>\n<meta property=\"og:url\" content=\"https:\/\/www.labauma.com\/es\/accesibilidad\/\" \/>\n<meta property=\"og:site_name\" content=\"La Bauma\" \/>\n<meta property=\"article:modified_time\" content=\"2024-02-01T08:54:50+00:00\" \/>\n<meta property=\"og:image\" content=\"https:\/\/www.labauma.com\/wp-content\/uploads\/2024\/02\/kit-digital.jpg\" \/>\n<meta name=\"twitter:card\" content=\"summary_large_image\" \/>\n<meta name=\"twitter:label1\" content=\"Tiempo de lectura\" \/>\n\t<meta name=\"twitter:data1\" content=\"4 minutos\" \/>\n<script type=\"application\/ld+json\" class=\"yoast-schema-graph\">{\"@context\":\"https:\\\/\\\/schema.org\",\"@graph\":[{\"@type\":\"WebPage\",\"@id\":\"https:\\\/\\\/www.labauma.com\\\/es\\\/accesibilidad\\\/\",\"url\":\"https:\\\/\\\/www.labauma.com\\\/es\\\/accesibilidad\\\/\",\"name\":\"Accesibilidad | La Bauma\",\"isPartOf\":{\"@id\":\"https:\\\/\\\/www.labauma.com\\\/es\\\/#website\"},\"primaryImageOfPage\":{\"@id\":\"https:\\\/\\\/www.labauma.com\\\/es\\\/accesibilidad\\\/#primaryimage\"},\"image\":{\"@id\":\"https:\\\/\\\/www.labauma.com\\\/es\\\/accesibilidad\\\/#primaryimage\"},\"thumbnailUrl\":\"https:\\\/\\\/www.labauma.com\\\/wp-content\\\/uploads\\\/2024\\\/02\\\/kit-digital.jpg\",\"datePublished\":\"2023-08-28T11:03:55+00:00\",\"dateModified\":\"2024-02-01T08:54:50+00:00\",\"breadcrumb\":{\"@id\":\"https:\\\/\\\/www.labauma.com\\\/es\\\/accesibilidad\\\/#breadcrumb\"},\"inLanguage\":\"es\",\"potentialAction\":[{\"@type\":\"ReadAction\",\"target\":[\"https:\\\/\\\/www.labauma.com\\\/es\\\/accesibilidad\\\/\"]}]},{\"@type\":\"ImageObject\",\"inLanguage\":\"es\",\"@id\":\"https:\\\/\\\/www.labauma.com\\\/es\\\/accesibilidad\\\/#primaryimage\",\"url\":\"https:\\\/\\\/www.labauma.com\\\/wp-content\\\/uploads\\\/2024\\\/02\\\/kit-digital.jpg\",\"contentUrl\":\"https:\\\/\\\/www.labauma.com\\\/wp-content\\\/uploads\\\/2024\\\/02\\\/kit-digital.jpg\"},{\"@type\":\"BreadcrumbList\",\"@id\":\"https:\\\/\\\/www.labauma.com\\\/es\\\/accesibilidad\\\/#breadcrumb\",\"itemListElement\":[{\"@type\":\"ListItem\",\"position\":1,\"name\":\"Inici\",\"item\":\"https:\\\/\\\/www.labauma.com\\\/es\\\/\"},{\"@type\":\"ListItem\",\"position\":2,\"name\":\"Accesibilidad\"}]},{\"@type\":\"WebSite\",\"@id\":\"https:\\\/\\\/www.labauma.com\\\/es\\\/#website\",\"url\":\"https:\\\/\\\/www.labauma.com\\\/es\\\/\",\"name\":\"La Bauma\",\"description\":\"Escola d&#039;escalada\",\"potentialAction\":[{\"@type\":\"SearchAction\",\"target\":{\"@type\":\"EntryPoint\",\"urlTemplate\":\"https:\\\/\\\/www.labauma.com\\\/es\\\/?s={search_term_string}\"},\"query-input\":{\"@type\":\"PropertyValueSpecification\",\"valueRequired\":true,\"valueName\":\"search_term_string\"}}],\"inLanguage\":\"es\"}]}<\/script>\n<!-- \/ Yoast SEO plugin. -->","yoast_head_json":{"title":"Accesibilidad | La Bauma","robots":{"index":"index","follow":"follow","max-snippet":"max-snippet:-1","max-image-preview":"max-image-preview:large","max-video-preview":"max-video-preview:-1"},"canonical":"https:\/\/www.labauma.com\/es\/accesibilidad\/","og_locale":"es_ES","og_type":"article","og_title":"Accesibilidad | La Bauma","og_description":"Declaraci\u00f3n de accesibilidad Introducci\u00f3n Esta web se ha comprometido a hacer accesible contenido de conformidad con el criterio de accesibilidad del Programa Kit Digital, conforme a los anexos de la norma UNE-EN 301 549:2022. Situaci\u00f3n de cumplimiento Las tecnolog\u00edas web en las que se basa la conformidad de la accesibilidad del presente sitio son HTML5 [&hellip;]","og_url":"https:\/\/www.labauma.com\/es\/accesibilidad\/","og_site_name":"La Bauma","article_modified_time":"2024-02-01T08:54:50+00:00","og_image":[{"url":"https:\/\/www.labauma.com\/wp-content\/uploads\/2024\/02\/kit-digital.jpg","type":"","width":"","height":""}],"twitter_card":"summary_large_image","twitter_misc":{"Tiempo de lectura":"4 minutos"},"schema":{"@context":"https:\/\/schema.org","@graph":[{"@type":"WebPage","@id":"https:\/\/www.labauma.com\/es\/accesibilidad\/","url":"https:\/\/www.labauma.com\/es\/accesibilidad\/","name":"Accesibilidad | La Bauma","isPartOf":{"@id":"https:\/\/www.labauma.com\/es\/#website"},"primaryImageOfPage":{"@id":"https:\/\/www.labauma.com\/es\/accesibilidad\/#primaryimage"},"image":{"@id":"https:\/\/www.labauma.com\/es\/accesibilidad\/#primaryimage"},"thumbnailUrl":"https:\/\/www.labauma.com\/wp-content\/uploads\/2024\/02\/kit-digital.jpg","datePublished":"2023-08-28T11:03:55+00:00","dateModified":"2024-02-01T08:54:50+00:00","breadcrumb":{"@id":"https:\/\/www.labauma.com\/es\/accesibilidad\/#breadcrumb"},"inLanguage":"es","potentialAction":[{"@type":"ReadAction","target":["https:\/\/www.labauma.com\/es\/accesibilidad\/"]}]},{"@type":"ImageObject","inLanguage":"es","@id":"https:\/\/www.labauma.com\/es\/accesibilidad\/#primaryimage","url":"https:\/\/www.labauma.com\/wp-content\/uploads\/2024\/02\/kit-digital.jpg","contentUrl":"https:\/\/www.labauma.com\/wp-content\/uploads\/2024\/02\/kit-digital.jpg"},{"@type":"BreadcrumbList","@id":"https:\/\/www.labauma.com\/es\/accesibilidad\/#breadcrumb","itemListElement":[{"@type":"ListItem","position":1,"name":"Inici","item":"https:\/\/www.labauma.com\/es\/"},{"@type":"ListItem","position":2,"name":"Accesibilidad"}]},{"@type":"WebSite","@id":"https:\/\/www.labauma.com\/es\/#website","url":"https:\/\/www.labauma.com\/es\/","name":"La Bauma","description":"Escola d&#039;escalada","potentialAction":[{"@type":"SearchAction","target":{"@type":"EntryPoint","urlTemplate":"https:\/\/www.labauma.com\/es\/?s={search_term_string}"},"query-input":{"@type":"PropertyValueSpecification","valueRequired":true,"valueName":"search_term_string"}}],"inLanguage":"es"}]}},"_links":{"self":[{"href":"https:\/\/www.labauma.com\/es\/wp-json\/wp\/v2\/pages\/9783","targetHints":{"allow":["GET"]}}],"collection":[{"href":"https:\/\/www.labauma.com\/es\/wp-json\/wp\/v2\/pages"}],"about":[{"href":"https:\/\/www.labauma.com\/es\/wp-json\/wp\/v2\/types\/page"}],"author":[{"embeddable":true,"href":"https:\/\/www.labauma.com\/es\/wp-json\/wp\/v2\/users\/1"}],"replies":[{"embeddable":true,"href":"https:\/\/www.labauma.com\/es\/wp-json\/wp\/v2\/comments?post=9783"}],"version-history":[{"count":15,"href":"https:\/\/www.labauma.com\/es\/wp-json\/wp\/v2\/pages\/9783\/revisions"}],"predecessor-version":[{"id":10615,"href":"https:\/\/www.labauma.com\/es\/wp-json\/wp\/v2\/pages\/9783\/revisions\/10615"}],"wp:attachment":[{"href":"https:\/\/www.labauma.com\/es\/wp-json\/wp\/v2\/media?parent=9783"}],"curies":[{"name":"wp","href":"https:\/\/api.w.org\/{rel}","templated":true}]}}